{"id":14,"date":"2009-10-15T09:56:52","date_gmt":"2009-10-15T07:56:52","guid":{"rendered":"http:\/\/www.xn--lnghedgrden-x8ag.se\/?page_id=14"},"modified":"2018-06-26T13:23:24","modified_gmt":"2018-06-26T11:23:24","slug":"kontakt","status":"publish","type":"page","link":"http:\/\/www.xn--lnghedgrden-x8ag.se\/?page_id=14","title":{"rendered":"Kontakt"},"content":{"rendered":"<p>L\u00e5nghedg\u00e5rden<br \/>\nL\u00e5nghed 620<br \/>\n822 92 Alfta<\/p>\n<p><strong>Telefon:<strong>0706-552203<\/strong><br \/>\nE-post: <a href=\"mailto:eilif.petersen@telia.com\">eilif.petersen@telia.com<\/a><\/strong><\/p>\n<p>Information om turistv\u00e4gen: <a href=\"http:\/\/www.storahalsingegardarsvag.se\" target=\"_blank\" rel=\"noopener\">www.storahalsingegardarsvag.se<\/a><br \/>\nInformation om h\u00e4lsingeg\u00e5rdar: <a href=\"http:\/\/www.halsingegardar.se\" target=\"_blank\" rel=\"noopener\">www.halsingegardar.se<\/a><\/p>\n<div id=\"attachment_40\" style=\"width: 410px\" class=\"wp-caption alignleft\"><img loading=\"lazy\" decoding=\"async\" aria-describedby=\"caption-attachment-40\" class=\"size-full wp-image-40\" title=\"Framsidan p\u00e5 L\u00e5nghedg\u00e5rden\" src=\"http:\/\/www.xn--lnghedgrden-x8ag.se\/wp-content\/uploads\/2009\/10\/l\u00e5nghed-060b.jpg\" alt=\"Framsidan p\u00e5 L\u00e5nghedg\u00e5rden\" width=\"400\" height=\"300\" srcset=\"http:\/\/www.xn--lnghedgrden-x8ag.se\/wp-content\/uploads\/2009\/10\/l\u00e5nghed-060b.jpg 400w, http:\/\/www.xn--lnghedgrden-x8ag.se\/wp-content\/uploads\/2009\/10\/l\u00e5nghed-060b-300x225.jpg 300w\" sizes=\"(max-width: 400px) 100vw, 400px\" \/><p id=\"caption-attachment-40\" class=\"wp-caption-text\">Framsidan p\u00e5 L\u00e5nghedg\u00e5rden<\/p><\/div>\n","protected":false},"excerpt":{"rendered":"<p>L\u00e5nghedg\u00e5rden L\u00e5nghed 620 822 92 Alfta Telefon:0706-552203 E-post: eilif.petersen@telia.com Information om turistv\u00e4gen: www.storahalsingegardarsvag.se Information om h\u00e4lsingeg\u00e5rdar: www.halsingegardar.se<\/p>\n","protected":false},"author":1,"featured_media":0,"parent":0,"menu_order":9,"comment_status":"closed","ping_status":"closed","template":"","meta":{"ngg_post_thumbnail":0,"footnotes":""},"class_list":["post-14","page","type-page","status-publish","hentry"],"_links":{"self":[{"href":"http:\/\/www.xn--lnghedgrden-x8ag.se\/index.php?rest_route=\/wp\/v2\/pages\/14"}],"collection":[{"href":"http:\/\/www.xn--lnghedgrden-x8ag.se\/index.php?rest_route=\/wp\/v2\/pages"}],"about":[{"href":"http:\/\/www.xn--lnghedgrden-x8ag.se\/index.php?rest_route=\/wp\/v2\/types\/page"}],"author":[{"embeddable":true,"href":"http:\/\/www.xn--lnghedgrden-x8ag.se\/index.php?rest_route=\/wp\/v2\/users\/1"}],"replies":[{"embeddable":true,"href":"http:\/\/www.xn--lnghedgrden-x8ag.se\/index.php?rest_route=%2Fwp%2Fv2%2Fcomments&post=14"}],"version-history":[{"count":22,"href":"http:\/\/www.xn--lnghedgrden-x8ag.se\/index.php?rest_route=\/wp\/v2\/pages\/14\/revisions"}],"predecessor-version":[{"id":212,"href":"http:\/\/www.xn--lnghedgrden-x8ag.se\/index.php?rest_route=\/wp\/v2\/pages\/14\/revisions\/212"}],"wp:attachment":[{"href":"http:\/\/www.xn--lnghedgrden-x8ag.se\/index.php?rest_route=%2Fwp%2Fv2%2Fmedia&parent=14"}],"curies":[{"name":"wp","href":"https:\/\/api.w.org\/{rel}","templated":true}]}}