{"id":160,"date":"2012-04-23T11:53:16","date_gmt":"2012-04-23T09:53:16","guid":{"rendered":"http:\/\/www.xn--lnghedgrden-x8ag.se\/?page_id=160"},"modified":"2021-02-26T15:42:45","modified_gmt":"2021-02-26T13:42:45","slug":"visning-halsingegardar","status":"publish","type":"page","link":"http:\/\/www.xn--lnghedgrden-x8ag.se\/?page_id=160","title":{"rendered":"Visning v\u00e4rldsarvsg\u00e5rdarna Pallars och JonLars L\u00e5nghed"},"content":{"rendered":"<p>Visning av v\u00e4rldsarvsg\u00e5rdarna Pallars och JonLars i L\u00e5nghed<\/p>\n<p>Vi har \u00e4ven visningar p\u00e5 v\u00e4rldsarvarsg\u00e5rdarna Pallars och Jon Lars efter bokning hos<br \/>\noss alla dagar.<br \/>\nVi har \u00e4ven ett nytt damastmuseum f\u00f6r v\u00e5ra boendeg\u00e4ster med bl a damast fr\u00e5n Flor linnemaufaktur 1700 talet.<\/p>\n<p>Pris 200 sek per g\u00e5rd och person.<br \/>\nF\u00f6rbokning p\u00e5 tel\u00a0 0706552203<\/p>\n<p><a href=\"http:\/\/www.xn--lnghedgrden-x8ag.se\/?attachment_id=187\" rel=\"attachment wp-att-187\"><img loading=\"lazy\" decoding=\"async\" class=\"alignleft size-medium wp-image-187\" title=\"Jon Lars\" src=\"http:\/\/www.xn--lnghedgrden-x8ag.se\/wp-content\/uploads\/2012\/04\/Jon-larsDSCN0151-300x225.jpg\" alt=\"\" width=\"300\" height=\"225\" srcset=\"http:\/\/www.xn--lnghedgrden-x8ag.se\/wp-content\/uploads\/2012\/04\/Jon-larsDSCN0151-300x225.jpg 300w, http:\/\/www.xn--lnghedgrden-x8ag.se\/wp-content\/uploads\/2012\/04\/Jon-larsDSCN0151.jpg 640w\" sizes=\"(max-width: 300px) 100vw, 300px\" \/><\/a><a href=\"http:\/\/www.xn--lnghedgrden-x8ag.se\/?attachment_id=188\" rel=\"attachment wp-att-188\"><img loading=\"lazy\" decoding=\"async\" class=\"alignleft size-medium wp-image-188\" title=\"Pallars \" src=\"http:\/\/www.xn--lnghedgrden-x8ag.se\/wp-content\/uploads\/2012\/04\/Pallars-visning-300x225.jpg\" alt=\"\" width=\"300\" height=\"225\" srcset=\"http:\/\/www.xn--lnghedgrden-x8ag.se\/wp-content\/uploads\/2012\/04\/Pallars-visning-300x225.jpg 300w, http:\/\/www.xn--lnghedgrden-x8ag.se\/wp-content\/uploads\/2012\/04\/Pallars-visning.jpg 640w\" sizes=\"(max-width: 300px) 100vw, 300px\" \/><\/a><a href=\"http:\/\/www.xn--lnghedgrden-x8ag.se\/?attachment_id=189\" rel=\"attachment wp-att-189\"><img loading=\"lazy\" decoding=\"async\" class=\"alignleft size-medium wp-image-189\" title=\"Pallars\" src=\"http:\/\/www.xn--lnghedgrden-x8ag.se\/wp-content\/uploads\/2012\/04\/pallars-300x225.jpg\" alt=\"\" width=\"300\" height=\"225\" srcset=\"http:\/\/www.xn--lnghedgrden-x8ag.se\/wp-content\/uploads\/2012\/04\/pallars-300x225.jpg 300w, http:\/\/www.xn--lnghedgrden-x8ag.se\/wp-content\/uploads\/2012\/04\/pallars.jpg 640w\" sizes=\"(max-width: 300px) 100vw, 300px\" \/><\/a><\/p>\n<p>&nbsp;<\/p>\n<p>&nbsp;<\/p>\n<p>Boka boendepaket med visning av V\u00e4rldsarvsg\u00e5rdarna <a href=\"https:\/\/www.bookhalsingland.com\/sv\/boende\/150084\/l%c3%a5nghedg%c3%a5rden\/pl111875\/supplierpackagedetails\/boende-och-guidning-p%c3%a5-tv%c3%a5-v%c3%a4rldsarvsg%c3%a5rdar?propertyId=ptg-25765\">Boka h\u00e4r<\/a><\/p>\n","protected":false},"excerpt":{"rendered":"<p>Visning av v\u00e4rldsarvsg\u00e5rdarna Pallars och JonLars i L\u00e5nghed Vi har \u00e4ven visningar p\u00e5 v\u00e4rldsarvarsg\u00e5rdarna Pallars och Jon Lars efter bokning hos oss alla dagar. Vi har \u00e4ven ett nytt damastmuseum f\u00f6r v\u00e5ra boendeg\u00e4ster med bl a damast fr\u00e5n Flor linnemaufaktur &hellip; <a href=\"http:\/\/www.xn--lnghedgrden-x8ag.se\/?page_id=160\">Forts\u00e4tt l\u00e4sa <span class=\"meta-nav\">&rarr;<\/span><\/a><\/p>\n","protected":false},"author":1,"featured_media":0,"parent":0,"menu_order":7,"comment_status":"open","ping_status":"closed","template":"","meta":{"ngg_post_thumbnail":0,"footnotes":""},"class_list":["post-160","page","type-page","status-publish","hentry"],"_links":{"self":[{"href":"http:\/\/www.xn--lnghedgrden-x8ag.se\/index.php?rest_route=\/wp\/v2\/pages\/160"}],"collection":[{"href":"http:\/\/www.xn--lnghedgrden-x8ag.se\/index.php?rest_route=\/wp\/v2\/pages"}],"about":[{"href":"http:\/\/www.xn--lnghedgrden-x8ag.se\/index.php?rest_route=\/wp\/v2\/types\/page"}],"author":[{"embeddable":true,"href":"http:\/\/www.xn--lnghedgrden-x8ag.se\/index.php?rest_route=\/wp\/v2\/users\/1"}],"replies":[{"embeddable":true,"href":"http:\/\/www.xn--lnghedgrden-x8ag.se\/index.php?rest_route=%2Fwp%2Fv2%2Fcomments&post=160"}],"version-history":[{"count":13,"href":"http:\/\/www.xn--lnghedgrden-x8ag.se\/index.php?rest_route=\/wp\/v2\/pages\/160\/revisions"}],"predecessor-version":[{"id":232,"href":"http:\/\/www.xn--lnghedgrden-x8ag.se\/index.php?rest_route=\/wp\/v2\/pages\/160\/revisions\/232"}],"wp:attachment":[{"href":"http:\/\/www.xn--lnghedgrden-x8ag.se\/index.php?rest_route=%2Fwp%2Fv2%2Fmedia&parent=160"}],"curies":[{"name":"wp","href":"https:\/\/api.w.org\/{rel}","templated":true}]}}