{"id":17,"date":"2009-10-15T09:57:49","date_gmt":"2009-10-15T07:57:49","guid":{"rendered":"http:\/\/www.xn--lnghedgrden-x8ag.se\/?page_id=17"},"modified":"2013-08-25T21:38:50","modified_gmt":"2013-08-25T19:38:50","slug":"hitta-hit","status":"publish","type":"page","link":"http:\/\/www.xn--lnghedgrden-x8ag.se\/?page_id=17","title":{"rendered":"Hitta hit"},"content":{"rendered":"<p><strong>L\u00e5nghedg\u00e5rden<\/strong><br \/>\nL\u00e5nghed 620<br \/>\n822 92 alfta<\/p>\n<p><strong>Med bil:<\/strong> F\u00f6lj skyltar mot Alfta centrum \u00e5k sedan Stora h\u00e4lsingeg\u00e5rdsv\u00e4g 6 km norrut<\/p>\n<p><strong>Med t\u00e5g:<\/strong> Bolln\u00e4s station sedan buss till alfta<\/p>\n<p><strong>Med flyg:<\/strong> Arlanda<\/p>\n<p><span style=\"color: navy; font-family: Times New Roman; font-size: medium;\"><strong>GPS kordinat:<\/strong><br \/>\n<span style=\"color: #000000;\">N 61 23 534<\/span><br \/>\n<\/span><span style=\"color: #000000; font-family: Times New Roman; font-size: medium;\">E 016 02 670<\/span><\/p>\n<p><strong>Kartor:<\/strong> <a title=\"Hitta\" href=\"http:\/\/www.hitta.se\/LargeMap.aspx?var=L%e5nghed+620\" target=\"_blank\">Hitta<\/a>, <a href=\"http:\/\/kartor.eniro.se\/query?what=map_adr&amp;geo_area=L%E5nghed%20620&amp;mapstate=7;16.04364958586424;61.3921291708029&amp;mapcomp=;;;L%E5nghed;;;82292;ALFTA;;;;;16.04364958586424;61.3921291708029;;;;OVAN%C5KER;maps_address.2667679.11;0\" target=\"_blank\">Eniro<\/a><br \/>\nH\u00e4mta PDF fil <a href=\"http:\/\/www.xn--lnghedgrden-x8ag.se\/wp-content\/uploads\/2009\/10\/STHV_l\u00e5g_1.pdf\" target=\"_blank\">&#8221;Karta \u00f6ver stora h\u00e4lsingeg\u00e5rdars v\u00e4g&#8221;<\/a><\/p>\n<p><a href=\"http:\/\/www.xn--lnghedgrden-x8ag.se\/wp-content\/uploads\/2009\/10\/karta.jpg\"><img loading=\"lazy\" decoding=\"async\" class=\"alignleft size-full wp-image-121\" title=\"karta\" alt=\"Karta \u00f6ver h\u00e4lsingeg\u00e5rdars v\u00e4g\" src=\"http:\/\/www.xn--lnghedgrden-x8ag.se\/wp-content\/uploads\/2009\/10\/karta.jpg\" width=\"800\" height=\"576\" srcset=\"http:\/\/www.xn--lnghedgrden-x8ag.se\/wp-content\/uploads\/2009\/10\/karta.jpg 800w, http:\/\/www.xn--lnghedgrden-x8ag.se\/wp-content\/uploads\/2009\/10\/karta-300x216.jpg 300w\" sizes=\"(max-width: 800px) 100vw, 800px\" \/><\/a><\/p>\n<p><a href=\"http:\/\/www.xn--lnghedgrden-x8ag.se\/wp-content\/uploads\/2009\/10\/antigua-098.jpg\"><img loading=\"lazy\" decoding=\"async\" class=\"size-medium wp-image-105  alignleft\" title=\"V\u00e4lkommen till L\u00e5nghed\" alt=\"V\u00e4lkommen till L\u00e5nghed\" src=\"http:\/\/www.xn--lnghedgrden-x8ag.se\/wp-content\/uploads\/2009\/10\/antigua-098-300x225.jpg\" width=\"300\" height=\"225\" srcset=\"http:\/\/www.xn--lnghedgrden-x8ag.se\/wp-content\/uploads\/2009\/10\/antigua-098-300x225.jpg 300w, http:\/\/www.xn--lnghedgrden-x8ag.se\/wp-content\/uploads\/2009\/10\/antigua-098-1024x768.jpg 1024w\" sizes=\"(max-width: 300px) 100vw, 300px\" \/><\/a><\/p>\n","protected":false},"excerpt":{"rendered":"<p>L\u00e5nghedg\u00e5rden L\u00e5nghed 620 822 92 alfta Med bil: F\u00f6lj skyltar mot Alfta centrum \u00e5k sedan Stora h\u00e4lsingeg\u00e5rdsv\u00e4g 6 km norrut Med t\u00e5g: Bolln\u00e4s station sedan buss till alfta Med flyg: Arlanda GPS kordinat: N 61 23 534 E 016 02 &hellip; <a href=\"http:\/\/www.xn--lnghedgrden-x8ag.se\/?page_id=17\">Forts\u00e4tt l\u00e4sa <span class=\"meta-nav\">&rarr;<\/span><\/a><\/p>\n","protected":false},"author":1,"featured_media":0,"parent":0,"menu_order":6,"comment_status":"closed","ping_status":"closed","template":"","meta":{"ngg_post_thumbnail":0,"footnotes":""},"class_list":["post-17","page","type-page","status-publish","hentry"],"_links":{"self":[{"href":"http:\/\/www.xn--lnghedgrden-x8ag.se\/index.php?rest_route=\/wp\/v2\/pages\/17"}],"collection":[{"href":"http:\/\/www.xn--lnghedgrden-x8ag.se\/index.php?rest_route=\/wp\/v2\/pages"}],"about":[{"href":"http:\/\/www.xn--lnghedgrden-x8ag.se\/index.php?rest_route=\/wp\/v2\/types\/page"}],"author":[{"embeddable":true,"href":"http:\/\/www.xn--lnghedgrden-x8ag.se\/index.php?rest_route=\/wp\/v2\/users\/1"}],"replies":[{"embeddable":true,"href":"http:\/\/www.xn--lnghedgrden-x8ag.se\/index.php?rest_route=%2Fwp%2Fv2%2Fcomments&post=17"}],"version-history":[{"count":19,"href":"http:\/\/www.xn--lnghedgrden-x8ag.se\/index.php?rest_route=\/wp\/v2\/pages\/17\/revisions"}],"predecessor-version":[{"id":27,"href":"http:\/\/www.xn--lnghedgrden-x8ag.se\/index.php?rest_route=\/wp\/v2\/pages\/17\/revisions\/27"}],"wp:attachment":[{"href":"http:\/\/www.xn--lnghedgrden-x8ag.se\/index.php?rest_route=%2Fwp%2Fv2%2Fmedia&parent=17"}],"curies":[{"name":"wp","href":"https:\/\/api.w.org\/{rel}","templated":true}]}}