{"id":89,"date":"2010-01-25T12:43:14","date_gmt":"2010-01-25T10:43:14","guid":{"rendered":"http:\/\/www.xn--lnghedgrden-x8ag.se\/?page_id=89"},"modified":"2018-06-26T14:12:02","modified_gmt":"2018-06-26T12:12:02","slug":"cafe","status":"publish","type":"page","link":"http:\/\/www.xn--lnghedgrden-x8ag.se\/?page_id=89","title":{"rendered":"Caf\u00e9"},"content":{"rendered":"<p>Utomhus Cafe med m\u00f6jlighet att sitta p\u00e5 verandan eller utomhus p\u00e5 sommaren. \u00f6ppet p\u00e5 s\u00f6ndagar juli 13.00-16.00<\/p>\n<p>Linnemuseum f\u00f6r v\u00e5ra g\u00e4ster.<\/p>\nngg_shortcode_0_placeholder\n<p>&nbsp;<\/p>\n<p>&nbsp;<\/p>\n","protected":false},"excerpt":{"rendered":"<p>Utomhus Cafe med m\u00f6jlighet att sitta p\u00e5 verandan eller utomhus p\u00e5 sommaren. \u00f6ppet p\u00e5 s\u00f6ndagar juli 13.00-16.00 Linnemuseum f\u00f6r v\u00e5ra g\u00e4ster. &nbsp; &nbsp;<\/p>\n","protected":false},"author":1,"featured_media":0,"parent":0,"menu_order":4,"comment_status":"closed","ping_status":"open","template":"","meta":{"ngg_post_thumbnail":0,"footnotes":""},"class_list":["post-89","page","type-page","status-publish","hentry"],"_links":{"self":[{"href":"http:\/\/www.xn--lnghedgrden-x8ag.se\/index.php?rest_route=\/wp\/v2\/pages\/89"}],"collection":[{"href":"http:\/\/www.xn--lnghedgrden-x8ag.se\/index.php?rest_route=\/wp\/v2\/pages"}],"about":[{"href":"http:\/\/www.xn--lnghedgrden-x8ag.se\/index.php?rest_route=\/wp\/v2\/types\/page"}],"author":[{"embeddable":true,"href":"http:\/\/www.xn--lnghedgrden-x8ag.se\/index.php?rest_route=\/wp\/v2\/users\/1"}],"replies":[{"embeddable":true,"href":"http:\/\/www.xn--lnghedgrden-x8ag.se\/index.php?rest_route=%2Fwp%2Fv2%2Fcomments&post=89"}],"version-history":[{"count":14,"href":"http:\/\/www.xn--lnghedgrden-x8ag.se\/index.php?rest_route=\/wp\/v2\/pages\/89\/revisions"}],"predecessor-version":[{"id":228,"href":"http:\/\/www.xn--lnghedgrden-x8ag.se\/index.php?rest_route=\/wp\/v2\/pages\/89\/revisions\/228"}],"wp:attachment":[{"href":"http:\/\/www.xn--lnghedgrden-x8ag.se\/index.php?rest_route=%2Fwp%2Fv2%2Fmedia&parent=89"}],"curies":[{"name":"wp","href":"https:\/\/api.w.org\/{rel}","templated":true}]}}