{"id":167,"date":"2012-04-23T14:51:24","date_gmt":"2012-04-23T12:51:24","guid":{"rendered":"http:\/\/www.xn--lnghedgrden-x8ag.se\/?page_id=167"},"modified":"2012-05-02T15:30:46","modified_gmt":"2012-05-02T13:30:46","slug":"kurser-om-halsingegardar","status":"publish","type":"page","link":"https:\/\/www.xn--lnghedgrden-x8ag.se\/?page_id=167","title":{"rendered":"kurser &#8211; h\u00e4lsingeg\u00e5rdar"},"content":{"rendered":"<p>Vi arrangerar utbildningar om h\u00e4lsingeg\u00e5rdarnas historia, utveckling och bildvisning av g\u00e5rdar.<\/p>\n<div id=\"attachment_182\" style=\"width: 310px\" class=\"wp-caption alignleft\"><a href=\"http:\/\/www.xn--lnghedgrden-x8ag.se\/?attachment_id=182\" rel=\"attachment wp-att-182\"><img loading=\"lazy\" decoding=\"async\" aria-describedby=\"caption-attachment-182\" class=\"size-medium wp-image-182\" title=\"Kurser om H\u00e4lsingeg\u00e5rdar\" src=\"http:\/\/www.xn--lnghedgrden-x8ag.se\/wp-content\/uploads\/2012\/04\/utflyktertillHastberg-Small-300x225.jpg\" alt=\"\" width=\"300\" height=\"225\" srcset=\"https:\/\/www.xn--lnghedgrden-x8ag.se\/wp-content\/uploads\/2012\/04\/utflyktertillHastberg-Small-300x225.jpg 300w, https:\/\/www.xn--lnghedgrden-x8ag.se\/wp-content\/uploads\/2012\/04\/utflyktertillHastberg-Small.jpg 640w\" sizes=\"(max-width: 300px) 100vw, 300px\" \/><\/a><p id=\"caption-attachment-182\" class=\"wp-caption-text\">Kurser om H\u00e4lsingeg\u00e5rdar<\/p><\/div>\n","protected":false},"excerpt":{"rendered":"<p>Vi arrangerar utbildningar om h\u00e4lsingeg\u00e5rdarnas historia, utveckling och bildvisning av g\u00e5rdar.<\/p>\n","protected":false},"author":1,"featured_media":0,"parent":0,"menu_order":6,"comment_status":"open","ping_status":"closed","template":"","meta":{"ngg_post_thumbnail":0,"footnotes":""},"class_list":["post-167","page","type-page","status-publish","hentry"],"_links":{"self":[{"href":"https:\/\/www.xn--lnghedgrden-x8ag.se\/index.php?rest_route=\/wp\/v2\/pages\/167"}],"collection":[{"href":"https:\/\/www.xn--lnghedgrden-x8ag.se\/index.php?rest_route=\/wp\/v2\/pages"}],"about":[{"href":"https:\/\/www.xn--lnghedgrden-x8ag.se\/index.php?rest_route=\/wp\/v2\/types\/page"}],"author":[{"embeddable":true,"href":"https:\/\/www.xn--lnghedgrden-x8ag.se\/index.php?rest_route=\/wp\/v2\/users\/1"}],"replies":[{"embeddable":true,"href":"https:\/\/www.xn--lnghedgrden-x8ag.se\/index.php?rest_route=%2Fwp%2Fv2%2Fcomments&post=167"}],"version-history":[{"count":6,"href":"https:\/\/www.xn--lnghedgrden-x8ag.se\/index.php?rest_route=\/wp\/v2\/pages\/167\/revisions"}],"predecessor-version":[{"id":185,"href":"https:\/\/www.xn--lnghedgrden-x8ag.se\/index.php?rest_route=\/wp\/v2\/pages\/167\/revisions\/185"}],"wp:attachment":[{"href":"https:\/\/www.xn--lnghedgrden-x8ag.se\/index.php?rest_route=%2Fwp%2Fv2%2Fmedia&parent=167"}],"curies":[{"name":"wp","href":"https:\/\/api.w.org\/{rel}","templated":true}]}}