{"id":44,"date":"2009-10-15T11:24:04","date_gmt":"2009-10-15T09:24:04","guid":{"rendered":"http:\/\/www.xn--lnghedgrden-x8ag.se\/?page_id=44"},"modified":"2021-02-26T15:53:42","modified_gmt":"2021-02-26T13:53:42","slug":"valkommen-till-langhedgaden-cafe-bed-breakfast","status":"publish","type":"page","link":"https:\/\/www.xn--lnghedgrden-x8ag.se\/","title":{"rendered":"V\u00e4lkommen"},"content":{"rendered":"<p><strong class=\" wp-image-198 \" title=\"L\u00e5nghedg\u00e5rden\">H\u00e4lsingland centralt <\/strong>bo p\u00e5 Bed &amp; Breakfast mitt i L\u00e5nghed, med alla H\u00e4lsingeg\u00e5rdar som granne och med s\u00e5v\u00e4l Pallars, Jon-Lars, Hanses,Ol-Jons och H\u00f6ka och 5 km till Alfta centrum. Inom en radie p\u00e5 5 km finns det mer \u00e4n 30 H\u00e4lsingeg\u00e5rdar.<\/p>\n<p>Att bo p\u00e5 Bed &amp; Breakfast hos oss betyder att du bor lyxigare \u00e4n p\u00e5 vandrarhem och billigare \u00e4n p\u00e5 hotell.<br \/>\nL\u00e5nghedg\u00e5rden byggdes 1875 . Huset har en sp\u00e4nnande historia med timmerstomme.<\/p>\n<p>Stort Linne och textilmuseum fr\u00e5n h\u00e4lsingland 1600 talet o fram\u00e5t. \u00f6ppet endast f\u00f6r v\u00e5ra boendeg\u00e4ster.<\/p>\n<p>L\u00e5nghedg\u00e5rden ligger utmed Stora H\u00e4lsingeg\u00e5rdars v\u00e4g. Boendepaket med privata visningar p\u00e5 v\u00e4rldsarvsg\u00e5darna Pallars och JonLars i L\u00e5nghed. <a href=\"https:\/\/www.bookhalsingland.com\/sv\/boende\/150084\/l%c3%a5nghedg%c3%a5rden\/pl111875\/supplierpackagedetails\/boende-och-guidning-p%c3%a5-tv%c3%a5-v%c3%a4rldsarvsg%c3%a5rdar?propertyId=ptg-25765\">Boka h\u00e4r!<\/a><\/p>\n<p>Fritt WIFI finns f\u00f6r v\u00e5ra g\u00e4ster. TV finns i allrum. Stor frukostmatsal med buffefrukost till v\u00e5ra g\u00e4ster<\/p>\n<p><a href=\"http:\/\/www.xn--lnghedgrden-x8ag.se\/wp-content\/uploads\/2009\/10\/langhedgarden-1.jpg\"><img loading=\"lazy\" decoding=\"async\" title=\"L\u00e5nghedg\u00e5rden\" src=\"http:\/\/www.xn--lnghedgrden-x8ag.se\/wp-content\/uploads\/2009\/10\/langhedgarden-1.jpg\" alt=\"Ladda ner broschyr\" width=\"86\" height=\"121\" \/><\/a><\/p>\n<p><strong><a href=\"http:\/\/www.xn--lnghedgrden-x8ag.se\/wp-content\/uploads\/2009\/10\/l\u00e5nghedg\u00e5rden.pdf\">Ladda nerL\u00e5nghedg\u00e5rdens broschyr (PDF)<\/a><\/strong><\/p>\n<p>Se <a href=\"http:\/\/www.storahalsingegardarsvag.se\/\" target=\"_blank\" rel=\"noopener\">www.storahalsingegardarsvag.se<\/a><\/p>\n<p><strong>\u00a0<\/strong><\/p>\n<p>V\u00e4lkomna!<br \/>\nFamiljen Vesterberg<\/p>\n<div id=\"attachment_86\" style=\"width: 550px\" class=\"wp-caption alignnone\"><img loading=\"lazy\" decoding=\"async\" aria-describedby=\"caption-attachment-86\" class=\"size-full wp-image-86 \" title=\"collage\" src=\"http:\/\/www.xn--lnghedgrden-x8ag.se\/wp-content\/uploads\/2009\/10\/collage.jpg\" alt=\"Bilder fr\u00e5n L\u00e5nghedg\u00e5rden\" width=\"540\" height=\"225\" srcset=\"https:\/\/www.xn--lnghedgrden-x8ag.se\/wp-content\/uploads\/2009\/10\/collage.jpg 600w, https:\/\/www.xn--lnghedgrden-x8ag.se\/wp-content\/uploads\/2009\/10\/collage-300x125.jpg 300w\" sizes=\"(max-width: 540px) 100vw, 540px\" \/><p id=\"caption-attachment-86\" class=\"wp-caption-text\">Bilder fr\u00e5n L\u00e5nghedg\u00e5rden<\/p><\/div>\n","protected":false},"excerpt":{"rendered":"<p>H\u00e4lsingland centralt bo p\u00e5 Bed &amp; Breakfast mitt i L\u00e5nghed, med alla H\u00e4lsingeg\u00e5rdar som granne och med s\u00e5v\u00e4l Pallars, Jon-Lars, Hanses,Ol-Jons och H\u00f6ka och 5 km till Alfta centrum. Inom en radie p\u00e5 5 km finns det mer \u00e4n 30 &hellip; <a href=\"https:\/\/www.xn--lnghedgrden-x8ag.se\/\">Forts\u00e4tt l\u00e4sa <span class=\"meta-nav\">&rarr;<\/span><\/a><\/p>\n","protected":false},"author":1,"featured_media":0,"parent":0,"menu_order":4,"comment_status":"closed","ping_status":"closed","template":"","meta":{"ngg_post_thumbnail":0,"footnotes":""},"class_list":["post-44","page","type-page","status-publish","hentry"],"_links":{"self":[{"href":"https:\/\/www.xn--lnghedgrden-x8ag.se\/index.php?rest_route=\/wp\/v2\/pages\/44"}],"collection":[{"href":"https:\/\/www.xn--lnghedgrden-x8ag.se\/index.php?rest_route=\/wp\/v2\/pages"}],"about":[{"href":"https:\/\/www.xn--lnghedgrden-x8ag.se\/index.php?rest_route=\/wp\/v2\/types\/page"}],"author":[{"embeddable":true,"href":"https:\/\/www.xn--lnghedgrden-x8ag.se\/index.php?rest_route=\/wp\/v2\/users\/1"}],"replies":[{"embeddable":true,"href":"https:\/\/www.xn--lnghedgrden-x8ag.se\/index.php?rest_route=%2Fwp%2Fv2%2Fcomments&post=44"}],"version-history":[{"count":42,"href":"https:\/\/www.xn--lnghedgrden-x8ag.se\/index.php?rest_route=\/wp\/v2\/pages\/44\/revisions"}],"predecessor-version":[{"id":233,"href":"https:\/\/www.xn--lnghedgrden-x8ag.se\/index.php?rest_route=\/wp\/v2\/pages\/44\/revisions\/233"}],"wp:attachment":[{"href":"https:\/\/www.xn--lnghedgrden-x8ag.se\/index.php?rest_route=%2Fwp%2Fv2%2Fmedia&parent=44"}],"curies":[{"name":"wp","href":"https:\/\/api.w.org\/{rel}","templated":true}]}}